{"id":847,"date":"2007-08-09T13:12:05","date_gmt":"2007-08-09T13:12:05","guid":{"rendered":"https:\/\/satmediawp.edv-kroiss.com\/produkt\/c-tech-kartenleser-fuer-1500-2100-usb\/"},"modified":"2024-05-17T11:20:53","modified_gmt":"2024-05-17T09:20:53","slug":"c-tech-kartenleser-fuer-1500-2100-usb","status":"publish","type":"product","link":"https:\/\/satmedia.at\/en\/product\/c-tech-kartenleser-fuer-1500-2100-usb\/","title":{"rendered":"C-Tech Kartenleser f\u00fcr 1500+\/2100+ USB"},"content":{"rendered":"<p>Nur f\u00fcr Clarke-Tech 1500Plus, 2100 Plus mit USB! <br \/>Mit diesem Smartcard Kartenleser k\u00f6nnen Sie Ihren Clarke-Tech 1500 Plus USB oder Clarke-Tech 2100 Plus USB ganz leicht mit einem Smartcard-Reader nachr\u00fcsten. <\/p>\n<p>Der Kartenleser wird einfach im Receiver an das Mainboard angeschlossen. <br \/>Der Kartenleser wird beim n\u00e4chsten Start des Receivers automatisch erkannt &#8211; Es ist kein Softwareupdate notwendig!<\/p>","protected":false},"excerpt":{"rendered":"<p>Nur f\u00fcr Clarke-Tech 1500Plus, 2100 Plus mit USB! Mit diesem Smartcard Kartenleser k\u00f6nnen Sie Ihren Clarke-Tech 1500 Plus USB oder Clarke-Tech 2100 Plus USB ganz leicht mit einem Smartcard-Reader nachr\u00fcsten. [&hellip;]<\/p>","protected":false},"featured_media":846,"template":"","meta":{"powered_cache_disable_cache":false,"powered_cache_disable_lazyload":false,"powered_cache_disable_css_optimization":false},"product_cat":[50,98],"product_tag":[],"_links":{"self":[{"href":"https:\/\/satmedia.at\/en\/wp-json\/wp\/v2\/product\/847"}],"collection":[{"href":"https:\/\/satmedia.at\/en\/wp-json\/wp\/v2\/product"}],"about":[{"href":"https:\/\/satmedia.at\/en\/wp-json\/wp\/v2\/types\/product"}],"wp:featuredmedia":[{"embeddable":true,"href":"https:\/\/satmedia.at\/en\/wp-json\/wp\/v2\/media\/846"}],"wp:attachment":[{"href":"https:\/\/satmedia.at\/en\/wp-json\/wp\/v2\/media?parent=847"}],"wp:term":[{"taxonomy":"product_cat","embeddable":true,"href":"https:\/\/satmedia.at\/en\/wp-json\/wp\/v2\/product_cat?post=847"},{"taxonomy":"product_tag","embeddable":true,"href":"https:\/\/satmedia.at\/en\/wp-json\/wp\/v2\/product_tag?post=847"}],"curies":[{"name":"wp","href":"https:\/\/api.w.org\/{rel}","templated":true}]}}