{"id":918,"date":"2009-10-28T11:46:45","date_gmt":"2009-10-28T11:46:45","guid":{"rendered":"https:\/\/satmediawp.edv-kroiss.com\/produkt\/twin-lnb-inverto-multiconnect-23mm-40mm\/"},"modified":"2025-03-26T12:23:58","modified_gmt":"2025-03-26T11:23:58","slug":"twin-lnb-inverto-multiconnect-23mm-40mm","status":"publish","type":"product","link":"https:\/\/satmedia.at\/en\/product\/twin-lnb-inverto-multiconnect-23mm-40mm\/","title":{"rendered":"Twin LNB 23mm Megasat 0,1db 40mm Adapter"},"content":{"rendered":"<p>Megasat Slime Line Twin 23mm LNB-Serie &#8211; das schmalste Universal Twin LNB mit 23mm und 40mm (Distanzring inklusive) Feedaufnahme auf dem Markt.<br \/>\nOptimal geeignet f\u00fcr alte 23mm Sat-Antennen und alle Multifeed-Anlagen &#8211; LNB Abstand unter 3\u00b0 m\u00f6glich! (zB Astra, Eutelsat 16\u00b0, Hotbird)<br \/>\nWitterungsbest\u00e4ndiges LNB dank vollst\u00e4ndigem HARTPLASTIK Geh\u00e4use!<br \/>\nLNB ist geeignet f\u00fcr DVB-S2 UHD\/FULL HDTV.<br \/>\nUniversal Digital Twin LNB mit sehr starken Empfangspegel unter 0,1db!<br \/>\nF\u00fcr den direkten Anschlu\u00df von 2 digitalen Sat und HD\/UHD TV &amp; Receivern!<\/p>","protected":false},"excerpt":{"rendered":"<p>Megasat Slime Line Twin 23mm LNB-Serie &#8211; das schmalste Universal Twin LNB mit 23mm und 40mm (Distanzring inklusive) Feedaufnahme auf dem Markt. Optimal geeignet f\u00fcr alte 23mm Sat-Antennen und alle [&hellip;]<\/p>","protected":false},"featured_media":4541,"template":"","meta":{"powered_cache_disable_cache":false,"powered_cache_disable_lazyload":false,"powered_cache_disable_css_optimization":false},"product_cat":[47,105],"product_tag":[],"_links":{"self":[{"href":"https:\/\/satmedia.at\/en\/wp-json\/wp\/v2\/product\/918"}],"collection":[{"href":"https:\/\/satmedia.at\/en\/wp-json\/wp\/v2\/product"}],"about":[{"href":"https:\/\/satmedia.at\/en\/wp-json\/wp\/v2\/types\/product"}],"wp:featuredmedia":[{"embeddable":true,"href":"https:\/\/satmedia.at\/en\/wp-json\/wp\/v2\/media\/4541"}],"wp:attachment":[{"href":"https:\/\/satmedia.at\/en\/wp-json\/wp\/v2\/media?parent=918"}],"wp:term":[{"taxonomy":"product_cat","embeddable":true,"href":"https:\/\/satmedia.at\/en\/wp-json\/wp\/v2\/product_cat?post=918"},{"taxonomy":"product_tag","embeddable":true,"href":"https:\/\/satmedia.at\/en\/wp-json\/wp\/v2\/product_tag?post=918"}],"curies":[{"name":"wp","href":"https:\/\/api.w.org\/{rel}","templated":true}]}}