{"id":920,"date":"2009-10-28T11:47:06","date_gmt":"2009-10-28T11:47:06","guid":{"rendered":"https:\/\/satmediawp.edv-kroiss.com\/produkt\/quattro-lnb-megasat-multifeed-23mm-40mm-01db\/"},"modified":"2024-08-06T14:03:44","modified_gmt":"2024-08-06T12:03:44","slug":"quattro-lnb-megasat-multifeed-23mm-40mm-01db","status":"publish","type":"product","link":"https:\/\/satmedia.at\/en\/product\/quattro-lnb-megasat-multifeed-23mm-40mm-01db\/","title":{"rendered":"Quattro LNB 23mm \/ 40mm AB Multifeed 0,1db"},"content":{"rendered":"<p>23mm Multifeed LNB-Serie &#8211; das schmalste Universal Quattro LNB mit 23mm und 40mm (Distanzring inklusive) Feedaufnahme auf dem Markt.<br \/>\nOptimal geeignet f\u00fcr alte 23mm Antennen und alle Multifeed-Anlagen &#8211; LNB Abstand unter 3\u00b0 m\u00f6glich! (zB Astra, Eutelsat 16\u00b0, Hotbird)<br \/>\nWitterungsbest\u00e4ndiges LNB dank vollst\u00e4ndigem HARTPLASTIK Geh\u00e4use!<br \/>\nLNB ist geeignet f\u00fcr DVB-S2 UHD\/FULL HDTV.<br \/>\nRauschma\u00df: 0,1db!<br \/>\nLNB funktioniert in Verbindung mit einem Multischalter zur Verteilung von 4 oder mehr Teilnehmern.<\/p>","protected":false},"excerpt":{"rendered":"<p>23mm Multifeed LNB-Serie &#8211; das schmalste Universal Quattro LNB mit 23mm und 40mm (Distanzring inklusive) Feedaufnahme auf dem Markt. Optimal geeignet f\u00fcr alte 23mm Antennen und alle Multifeed-Anlagen &#8211; LNB [&hellip;]<\/p>","protected":false},"featured_media":4337,"template":"","meta":{"powered_cache_disable_cache":false,"powered_cache_disable_lazyload":false,"powered_cache_disable_css_optimization":false},"product_cat":[47,107],"product_tag":[],"_links":{"self":[{"href":"https:\/\/satmedia.at\/en\/wp-json\/wp\/v2\/product\/920"}],"collection":[{"href":"https:\/\/satmedia.at\/en\/wp-json\/wp\/v2\/product"}],"about":[{"href":"https:\/\/satmedia.at\/en\/wp-json\/wp\/v2\/types\/product"}],"wp:featuredmedia":[{"embeddable":true,"href":"https:\/\/satmedia.at\/en\/wp-json\/wp\/v2\/media\/4337"}],"wp:attachment":[{"href":"https:\/\/satmedia.at\/en\/wp-json\/wp\/v2\/media?parent=920"}],"wp:term":[{"taxonomy":"product_cat","embeddable":true,"href":"https:\/\/satmedia.at\/en\/wp-json\/wp\/v2\/product_cat?post=920"},{"taxonomy":"product_tag","embeddable":true,"href":"https:\/\/satmedia.at\/en\/wp-json\/wp\/v2\/product_tag?post=920"}],"curies":[{"name":"wp","href":"https:\/\/api.w.org\/{rel}","templated":true}]}}