{"id":921,"date":"2009-10-28T11:47:20","date_gmt":"2009-10-28T11:47:20","guid":{"rendered":"https:\/\/satmediawp.edv-kroiss.com\/produkt\/quad-lnb-megasat-multifeed-23mm-40mm-01db\/"},"modified":"2024-08-06T13:51:13","modified_gmt":"2024-08-06T11:51:13","slug":"quad-lnb-megasat-multifeed-23mm-40mm-01db","status":"publish","type":"product","link":"https:\/\/satmedia.at\/en\/product\/quad-lnb-megasat-multifeed-23mm-40mm-01db\/","title":{"rendered":"Quad\/Octo LNB Megasat 23mm inkl. passiven Multischalter"},"content":{"rendered":"<p>Sie haben eine SAT-Antenne mit\u00a0 23mm LNB Aufnahme und ben\u00f6tigen ein LNB f\u00fcr 4 -8 Teilnehmer?<br \/>\nEin Quad oder OCTO LNB mit 23mm Aufnahme wird nicht mehr produziert, daher haben wir dieses Paket mit einem 23mm Quattro LNB inkl. passiven 5\/8 Multischalter zusammengestellt.<br \/>\n<strong>Der passive Multischalter ben\u00f6tigt keine Stromversorgung und kann auch direkt nach dem LNB am Antennenmast (Wetterschutzgeh\u00e4use ben\u00f6tigt) installiert werden.<\/strong><\/p>\n<p>Somit kann ein defektes Quad 23mm LNB weiterhin an 23mm SAT-Antennen ersetzt werden.<\/p>\n<p>Megasat Multifeed LNB-Serie &#8211; das schmalste Universal Quattro LNB mit 23mm und 40mm (Distanzring inklusive) Feedaufnahme auf dem Markt.<\/p>\n<p>Optimal geeignet f\u00fcr alte 23mm Anlagen und alle Multifeed-Anlagen &#8211; LNB Abstand unter 3\u00b0 m\u00f6glich! (zB Astra, Eutelsat 16\u00b0, Hotbird)<\/p>\n<p>Witterungsbest\u00e4ndiges LNB dank vollst\u00e4ndigem HARTPLASTIK Geh\u00e4use!<br \/>\nLNB ist geeignet f\u00fcr DVB-S2 UHD\/FULL HDTV.<br \/>\nF\u00fcr den direkten Anschlu\u00df von 4 bzw. 8 digitalen Sat und HD\/UHD Receivern nach dem passiven Multischalter!<\/p>","protected":false},"excerpt":{"rendered":"<p>Sie haben eine SAT-Antenne mit\u00a0 23mm LNB Aufnahme und ben\u00f6tigen ein LNB f\u00fcr 4 -8 Teilnehmer? Ein Quad oder OCTO LNB mit 23mm Aufnahme wird nicht mehr produziert, daher haben [&hellip;]<\/p>","protected":false},"featured_media":4337,"template":"","meta":{"powered_cache_disable_cache":false,"powered_cache_disable_lazyload":false,"powered_cache_disable_css_optimization":false},"product_cat":[47,106],"product_tag":[],"_links":{"self":[{"href":"https:\/\/satmedia.at\/en\/wp-json\/wp\/v2\/product\/921"}],"collection":[{"href":"https:\/\/satmedia.at\/en\/wp-json\/wp\/v2\/product"}],"about":[{"href":"https:\/\/satmedia.at\/en\/wp-json\/wp\/v2\/types\/product"}],"wp:featuredmedia":[{"embeddable":true,"href":"https:\/\/satmedia.at\/en\/wp-json\/wp\/v2\/media\/4337"}],"wp:attachment":[{"href":"https:\/\/satmedia.at\/en\/wp-json\/wp\/v2\/media?parent=921"}],"wp:term":[{"taxonomy":"product_cat","embeddable":true,"href":"https:\/\/satmedia.at\/en\/wp-json\/wp\/v2\/product_cat?post=921"},{"taxonomy":"product_tag","embeddable":true,"href":"https:\/\/satmedia.at\/en\/wp-json\/wp\/v2\/product_tag?post=921"}],"curies":[{"name":"wp","href":"https:\/\/api.w.org\/{rel}","templated":true}]}}