{"id":938,"date":"2010-04-28T11:10:29","date_gmt":"2010-04-28T11:10:29","guid":{"rendered":"https:\/\/satmediawp.edv-kroiss.com\/produkt\/original-fernbedienung-clarke-tech-hd-serie\/"},"modified":"2025-09-03T09:44:52","modified_gmt":"2025-09-03T07:44:52","slug":"original-fernbedienung-clarke-tech-hd-serie","status":"publish","type":"product","link":"https:\/\/satmedia.at\/en\/product\/original-fernbedienung-clarke-tech-hd-serie\/","title":{"rendered":"Original Fernbedienung Clarke-Tech HD-Serie"},"content":{"rendered":"<p>Aktuell nicht lieferbar.<\/p>\n<p>Siehe verbesserte neue Universal 4in1 Fernbedienung f\u00fcr Clarke-Tech HD Ger\u00e4te unter:<\/p>\n<blockquote class=\"wp-embedded-content\" data-secret=\"yPHkSQU7k1\"><p><a href=\"https:\/\/satmedia.at\/en\/product\/satmedia-4in1-fernbedienung-fuer-clarke-tech-hd-serie-3100-6600\/\">Satmedia Universal Fernbedienung f\u00fcr Clarke-Tech HD Serie (3100-6600)<\/a><\/p><\/blockquote>\n<p><iframe class=\"wp-embedded-content\" sandbox=\"allow-scripts\" security=\"restricted\" style=\"position: absolute; clip: rect(1px, 1px, 1px, 1px);\" title=\"&#8222;Satmedia Universal Fernbedienung f\u00fcr Clarke-Tech HD Serie (3100-6600)&#8220; &#8212; Satmedia\" src=\"https:\/\/satmedia.at\/produkt\/satmedia-4in1-fernbedienung-fuer-clarke-tech-hd-serie-3100-6600\/embed\/#?secret=4ZpCj18Vre#?secret=yPHkSQU7k1\" data-secret=\"yPHkSQU7k1\" width=\"600\" height=\"338\" frameborder=\"0\" marginwidth=\"0\" marginheight=\"0\" scrolling=\"no\"><\/iframe><\/p>\n<p>&nbsp;<\/p>\n<p>Original Fernbedienung funktioniert f\u00fcr alle Clarke-Tech HD Ger\u00e4te!<\/p>\n<p>ClarkeTech HD-5000<br \/>\nClarkeTech HD-5000 Combo<br \/>\nClarkeTech HD-5000 Combo Plus<br \/>\nClarkeTech HD-5100 Combo<br \/>\nClarkeTech HD-6600 SST<br \/>\nClarkeTech HD-5100 Combo Plus<br \/>\nClarkeTech HD-6600 SST Plus<br \/>\nClarkeTech HD-3100 Plus<br \/>\nClarkeTech HD-4100 Plus<\/p>","protected":false},"excerpt":{"rendered":"<p>Aktuell nicht lieferbar. Siehe verbesserte neue Universal 4in1 Fernbedienung f\u00fcr Clarke-Tech HD Ger\u00e4te unter: Satmedia Universal Fernbedienung f\u00fcr Clarke-Tech HD Serie (3100-6600) &nbsp; Original Fernbedienung funktioniert f\u00fcr alle Clarke-Tech HD [&hellip;]<\/p>","protected":false},"featured_media":937,"template":"","meta":{"powered_cache_disable_cache":false,"powered_cache_disable_lazyload":false,"powered_cache_disable_css_optimization":false},"product_cat":[50,99],"product_tag":[],"_links":{"self":[{"href":"https:\/\/satmedia.at\/en\/wp-json\/wp\/v2\/product\/938"}],"collection":[{"href":"https:\/\/satmedia.at\/en\/wp-json\/wp\/v2\/product"}],"about":[{"href":"https:\/\/satmedia.at\/en\/wp-json\/wp\/v2\/types\/product"}],"wp:featuredmedia":[{"embeddable":true,"href":"https:\/\/satmedia.at\/en\/wp-json\/wp\/v2\/media\/937"}],"wp:attachment":[{"href":"https:\/\/satmedia.at\/en\/wp-json\/wp\/v2\/media?parent=938"}],"wp:term":[{"taxonomy":"product_cat","embeddable":true,"href":"https:\/\/satmedia.at\/en\/wp-json\/wp\/v2\/product_cat?post=938"},{"taxonomy":"product_tag","embeddable":true,"href":"https:\/\/satmedia.at\/en\/wp-json\/wp\/v2\/product_tag?post=938"}],"curies":[{"name":"wp","href":"https:\/\/api.w.org\/{rel}","templated":true}]}}