{"id":968,"date":"2011-04-07T09:55:27","date_gmt":"2011-04-07T09:55:27","guid":{"rendered":"https:\/\/satmediawp.edv-kroiss.com\/produkt\/fernbedienung-fuer-tvip-v4xx-v5xx-v6xx\/"},"modified":"2024-06-10T15:41:46","modified_gmt":"2024-06-10T13:41:46","slug":"fernbedienung-fuer-tvip-v4xx-v5xx-v6xx","status":"publish","type":"product","link":"https:\/\/satmedia.at\/en\/product\/fernbedienung-fuer-tvip-v4xx-v5xx-v6xx\/","title":{"rendered":"IR Fernbedienung f\u00fcr TVIP v4xx, v5xx, v6xx"},"content":{"rendered":"<p>Die Fernbedienung f\u00fcr alle TVIP Ger\u00e4te.<\/p>\n<p>Technische Daten Original TVIP-Ersatzfernbedienung<br \/>&#8211; Farbe: Schwarz<br \/>&#8211; 46 Tasten-Layout<br \/>&#8211; u.a. Tasten f\u00fcr EPG, S.Info, Men\u00fc u.v.m.<br \/>&#8211; Griffiges, elegantes Design<\/p>\n<p>Kompatibel unter anderen zu:<br \/>&#8211; TVIP S-BOX v.615<br \/>&#8211; TVIP S-BOX v.610<br \/>&#8211; TVIP S-BOX v.605<br \/>&#8211; TVIP S-BOX v.600<\/p>\n<p>&#8211; TVIP S-BOX v.530<br \/>&#8211; TVIP S-BOX v.525<\/p>\n<p>&#8211; TVIP S-BOX v.415<br \/>&#8211; TVIP S-BOX v.412<br \/>&#8211; TVIP S-BOX v.410<\/p>\n<p>Scope of delivery:<br \/>1x Original TVIP Fernbedienung (ohne Batterien)<\/p>","protected":false},"excerpt":{"rendered":"<p>Die Fernbedienung f\u00fcr alle TVIP Ger\u00e4te. Technische Daten Original TVIP-Ersatzfernbedienung&#8211; Farbe: Schwarz&#8211; 46 Tasten-Layout&#8211; u.a. Tasten f\u00fcr EPG, S.Info, Men\u00fc u.v.m.&#8211; Griffiges, elegantes Design Kompatibel unter anderen zu:&#8211; TVIP S-BOX [&hellip;]<\/p>","protected":false},"featured_media":967,"template":"","meta":{"powered_cache_disable_cache":false,"powered_cache_disable_lazyload":false,"powered_cache_disable_css_optimization":false},"product_cat":[71,50,99],"product_tag":[],"_links":{"self":[{"href":"https:\/\/satmedia.at\/en\/wp-json\/wp\/v2\/product\/968"}],"collection":[{"href":"https:\/\/satmedia.at\/en\/wp-json\/wp\/v2\/product"}],"about":[{"href":"https:\/\/satmedia.at\/en\/wp-json\/wp\/v2\/types\/product"}],"wp:featuredmedia":[{"embeddable":true,"href":"https:\/\/satmedia.at\/en\/wp-json\/wp\/v2\/media\/967"}],"wp:attachment":[{"href":"https:\/\/satmedia.at\/en\/wp-json\/wp\/v2\/media?parent=968"}],"wp:term":[{"taxonomy":"product_cat","embeddable":true,"href":"https:\/\/satmedia.at\/en\/wp-json\/wp\/v2\/product_cat?post=968"},{"taxonomy":"product_tag","embeddable":true,"href":"https:\/\/satmedia.at\/en\/wp-json\/wp\/v2\/product_tag?post=968"}],"curies":[{"name":"wp","href":"https:\/\/api.w.org\/{rel}","templated":true}]}}